{"id":13,"date":"2016-05-12T08:34:39","date_gmt":"2016-05-12T06:34:39","guid":{"rendered":"http:\/\/www.theatredart.com\/?page_id=13"},"modified":"2026-04-03T09:46:18","modified_gmt":"2026-04-03T07:46:18","slug":"en-attendant","status":"publish","type":"page","link":"https:\/\/www.theatredart.com\/","title":{"rendered":"Accueil"},"content":{"rendered":"<div id=\"pl-13\"  class=\"panel-layout\" ><div id=\"pg-13-0\"  class=\"panel-grid panel-has-style\" ><div style=\"padding: 20px 0; \" data-overlay=\"true\" data-overlay-color=\"#000000\" class=\"panel-row-style panel-row-style-for-13-0\" ><div id=\"pgc-13-0-0\"  class=\"panel-grid-cell\" ><div id=\"panel-13-0-0-0\" class=\"so-panel widget widget_sow-editor panel-first-child panel-last-child\" data-index=\"0\" ><div style=\"text-align: left;\" data-title-color=\"#443f3f\" data-headings-color=\"#443f3f\" class=\"panel-widget-style panel-widget-style-for-13-0-0-0\" ><div\n\t\t\t\n\t\t\tclass=\"so-widget-sow-editor so-widget-sow-editor-base\"\n\t\t\t\n\t\t><h3 class=\"widget-title\">Prochainement ! <\/h3>\n<div class=\"siteorigin-widget-tinymce textwidget\">\n\t<\/div>\n<\/div><\/div><\/div><\/div><\/div><\/div><div id=\"pg-13-1\"  class=\"panel-grid panel-has-style\" ><div style=\"padding: 5px 0; \" data-overlay=\"true\" data-overlay-color=\"#000000\" class=\"panel-row-style panel-row-style-for-13-1\" ><div id=\"pgc-13-1-0\"  class=\"panel-grid-cell panel-grid-cell-empty\" ><\/div><\/div><\/div><div id=\"pg-13-2\"  class=\"panel-grid panel-has-style\" ><div style=\"padding: 5px 0; \" data-overlay=\"true\" data-overlay-color=\"#000000\" class=\"panel-row-style panel-row-style-for-13-2\" ><div id=\"pgc-13-2-0\"  class=\"panel-grid-cell\" ><div id=\"panel-13-2-0-0\" class=\"so-panel widget widget_sow-editor panel-first-child panel-last-child\" data-index=\"1\" ><div style=\"text-align: left;\" data-title-color=\"#443f3f\" data-headings-color=\"#443f3f\" class=\"panel-widget-style panel-widget-style-for-13-2-0-0\" ><div\n\t\t\t\n\t\t\tclass=\"so-widget-sow-editor so-widget-sow-editor-base\"\n\t\t\t\n\t\t>\n<div class=\"siteorigin-widget-tinymce textwidget\">\n\t<h4 style=\"text-align: center;\"><span style=\"color: #800000;\"><strong>M@DAME CLOUD<\/strong><\/span><\/h4>\n<div dir=\"ltr\"><\/div>\n<div dir=\"ltr\"><\/div>\n<div dir=\"ltr\"><\/div>\n<\/div>\n<\/div><\/div><\/div><\/div><div id=\"pgc-13-2-1\"  class=\"panel-grid-cell\" ><div id=\"panel-13-2-1-0\" class=\"so-panel widget widget_sow-editor panel-first-child panel-last-child\" data-index=\"2\" ><div style=\"text-align: left;\" data-title-color=\"#443f3f\" data-headings-color=\"#443f3f\" class=\"panel-widget-style panel-widget-style-for-13-2-1-0\" ><div\n\t\t\t\n\t\t\tclass=\"so-widget-sow-editor so-widget-sow-editor-base\"\n\t\t\t\n\t\t>\n<div class=\"siteorigin-widget-tinymce textwidget\">\n\t<h4 style=\"text-align: center;\"><span style=\"color: #800000;\"><strong>ALICE (S)<\/strong><\/span><\/h4>\n<div dir=\"ltr\"><\/div>\n<div dir=\"ltr\"><\/div>\n<div dir=\"ltr\"><\/div>\n<\/div>\n<\/div><\/div><\/div><\/div><\/div><\/div><div id=\"pg-13-3\"  class=\"panel-grid panel-has-style\" ><div style=\"padding: 5px 0; \" data-overlay=\"true\" data-overlay-color=\"#000000\" class=\"panel-row-style panel-row-style-for-13-3\" ><div id=\"pgc-13-3-0\"  class=\"panel-grid-cell\" ><div id=\"panel-13-3-0-0\" class=\"so-panel widget widget_sow-editor panel-first-child panel-last-child\" data-index=\"3\" ><div style=\"text-align: center;\" data-title-color=\"#443f3f\" data-headings-color=\"#443f3f\" class=\"panel-widget-style panel-widget-style-for-13-3-0-0\" ><div\n\t\t\t\n\t\t\tclass=\"so-widget-sow-editor so-widget-sow-editor-base\"\n\t\t\t\n\t\t>\n<div class=\"siteorigin-widget-tinymce textwidget\">\n\t<p><img decoding=\"async\" class=\"alignnone size-medium wp-image-2533 lazyload\" data-src=\"https:\/\/www.theatredart.com\/wp-content\/uploads\/2026\/01\/@10-madame-cloud-valise-200x300.png\" alt=\"\" width=\"200\" height=\"300\" data-srcset=\"https:\/\/www.theatredart.com\/wp-content\/uploads\/2026\/01\/@10-madame-cloud-valise-200x300.png 200w, https:\/\/www.theatredart.com\/wp-content\/uploads\/2026\/01\/@10-madame-cloud-valise-683x1024.png 683w, https:\/\/www.theatredart.com\/wp-content\/uploads\/2026\/01\/@10-madame-cloud-valise-768x1152.png 768w, https:\/\/www.theatredart.com\/wp-content\/uploads\/2026\/01\/@10-madame-cloud-valise-830x1245.png 830w, https:\/\/www.theatredart.com\/wp-content\/uploads\/2026\/01\/@10-madame-cloud-valise-230x345.png 230w, https:\/\/www.theatredart.com\/wp-content\/uploads\/2026\/01\/@10-madame-cloud-valise-350x525.png 350w, https:\/\/www.theatredart.com\/wp-content\/uploads\/2026\/01\/@10-madame-cloud-valise-480x720.png 480w, https:\/\/www.theatredart.com\/wp-content\/uploads\/2026\/01\/@10-madame-cloud-valise.png 1024w\" data-sizes=\"(max-width: 200px) 100vw, 200px\" src=\"data:image\/svg+xml;base64,PHN2ZyB3aWR0aD0iMSIgaGVpZ2h0PSIxIiB4bWxucz0iaHR0cDovL3d3dy53My5vcmcvMjAwMC9zdmciPjwvc3ZnPg==\" style=\"--smush-placeholder-width: 200px; --smush-placeholder-aspect-ratio: 200\/300;\" \/><\/p>\n<\/div>\n<\/div><\/div><\/div><\/div><div id=\"pgc-13-3-1\"  class=\"panel-grid-cell\" ><div id=\"panel-13-3-1-0\" class=\"so-panel widget widget_sow-editor panel-first-child\" data-index=\"4\" ><div style=\"text-align: left;\" data-title-color=\"#443f3f\" data-headings-color=\"#443f3f\" class=\"panel-widget-style panel-widget-style-for-13-3-1-0\" ><div\n\t\t\t\n\t\t\tclass=\"so-widget-sow-editor so-widget-sow-editor-base\"\n\t\t\t\n\t\t>\n<div class=\"siteorigin-widget-tinymce textwidget\">\n\t<p><strong><span style=\"color: #800000;\">Dimanche 3 mai 2026 \u00e0 18h00<br \/>\n<\/span><\/strong>Salle des f\u00eates, Saint-Andr\u00e9<br \/>\n<strong><span style=\"color: #800000;\">Jeudi 7 mai 2026 \u00e0 19h00<br \/>\n<\/span><\/strong>Domaine de Rombeau<br \/>\n<strong><span style=\"color: #800000;\">Du 4 au 24 juillet 2026 \u00e0 11h20 \u2013 jours pairs<br \/>\n<\/span><\/strong>Festival Off d\u2019Avignon - L\u2019Atelier 44<strong><span style=\"color: #800000;\"><br \/>\n<\/span><\/strong><\/p>\n<\/div>\n<\/div><\/div><\/div><div id=\"panel-13-3-1-1\" class=\"so-panel widget widget_sydney_action sydney_action_widget panel-last-child\" data-index=\"5\" ><div class=\"so-rounded panel-widget-style panel-widget-style-for-13-3-1-1\" style=\"text-align: left;\" data-title-color=\"#443f3f\" data-headings-color=\"#443f3f\" >        <div class=\"roll-promobox \">\r\n\t\t\t<div class=\"promo-wrap\">\r\n\t\t\t\t\t\t\t\t<div class=\"promo-controls\">\r\n\t\t\t\t\t<a href=\"https:\/\/www.theatredart.com\/index.php\/spectacles-tout-public\/madame-cloud\/\" class=\"roll-button border\">En savoir plus...<\/a>\r\n\t\t\t\t<\/div>\r\n\t\t\t<\/div>\r\n        <\/div>\r\n\t<\/div><\/div><\/div><div id=\"pgc-13-3-2\"  class=\"panel-grid-cell\" ><div id=\"panel-13-3-2-0\" class=\"so-panel widget widget_sow-editor panel-first-child panel-last-child\" data-index=\"6\" ><div style=\"text-align: center;\" data-title-color=\"#443f3f\" data-headings-color=\"#443f3f\" class=\"panel-widget-style panel-widget-style-for-13-3-2-0\" ><div\n\t\t\t\n\t\t\tclass=\"so-widget-sow-editor so-widget-sow-editor-base\"\n\t\t\t\n\t\t>\n<div class=\"siteorigin-widget-tinymce textwidget\">\n\t<p><img decoding=\"async\" class=\"size-medium wp-image-2322 lazyload\" data-src=\"https:\/\/www.theatredart.com\/wp-content\/uploads\/2024\/08\/AFFICHE-ALICES-2024-1-212x300.jpg\" alt=\"AFFICHE -ALICE(S) 2024\" width=\"212\" height=\"300\" data-srcset=\"https:\/\/www.theatredart.com\/wp-content\/uploads\/2024\/08\/AFFICHE-ALICES-2024-1-212x300.jpg 212w, https:\/\/www.theatredart.com\/wp-content\/uploads\/2024\/08\/AFFICHE-ALICES-2024-1-724x1024.jpg 724w, https:\/\/www.theatredart.com\/wp-content\/uploads\/2024\/08\/AFFICHE-ALICES-2024-1-768x1086.jpg 768w, https:\/\/www.theatredart.com\/wp-content\/uploads\/2024\/08\/AFFICHE-ALICES-2024-1-1086x1536.jpg 1086w, https:\/\/www.theatredart.com\/wp-content\/uploads\/2024\/08\/AFFICHE-ALICES-2024-1-830x1174.jpg 830w, https:\/\/www.theatredart.com\/wp-content\/uploads\/2024\/08\/AFFICHE-ALICES-2024-1-230x325.jpg 230w, https:\/\/www.theatredart.com\/wp-content\/uploads\/2024\/08\/AFFICHE-ALICES-2024-1-350x495.jpg 350w, https:\/\/www.theatredart.com\/wp-content\/uploads\/2024\/08\/AFFICHE-ALICES-2024-1-480x679.jpg 480w, https:\/\/www.theatredart.com\/wp-content\/uploads\/2024\/08\/AFFICHE-ALICES-2024-1.jpg 1414w\" data-sizes=\"(max-width: 212px) 100vw, 212px\" src=\"data:image\/svg+xml;base64,PHN2ZyB3aWR0aD0iMSIgaGVpZ2h0PSIxIiB4bWxucz0iaHR0cDovL3d3dy53My5vcmcvMjAwMC9zdmciPjwvc3ZnPg==\" style=\"--smush-placeholder-width: 212px; --smush-placeholder-aspect-ratio: 212\/300;\" \/><\/p>\n<\/div>\n<\/div><\/div><\/div><\/div><div id=\"pgc-13-3-3\"  class=\"panel-grid-cell\" ><div id=\"panel-13-3-3-0\" class=\"so-panel widget widget_sow-editor panel-first-child\" data-index=\"7\" ><div style=\"text-align: left;\" data-title-color=\"#443f3f\" data-headings-color=\"#443f3f\" class=\"panel-widget-style panel-widget-style-for-13-3-3-0\" ><div\n\t\t\t\n\t\t\tclass=\"so-widget-sow-editor so-widget-sow-editor-base\"\n\t\t\t\n\t\t>\n<div class=\"siteorigin-widget-tinymce textwidget\">\n\t<p><strong>Spectacle familial \u2013 Th\u00e9\u00e2tre<br \/>\n<\/strong><strong><span style=\"color: #800000;\"><br \/>\nDu 4 au 24 juillet 2026 \u00e0 11h20 \u2013 jours impairs<br \/>\n<\/span><\/strong>Festival Off d\u2019Avignon - L\u2019Atelier 44<strong><span style=\"color: #800000;\"><br \/>\n<\/span><\/strong><\/p>\n<\/div>\n<\/div><\/div><\/div><div id=\"panel-13-3-3-1\" class=\"so-panel widget widget_sydney_action sydney_action_widget panel-last-child\" data-index=\"8\" ><div style=\"text-align: left;\" data-title-color=\"#443f3f\" data-headings-color=\"#443f3f\" class=\"panel-widget-style panel-widget-style-for-13-3-3-1\" >        <div class=\"roll-promobox \">\r\n\t\t\t<div class=\"promo-wrap\">\r\n\t\t\t\t\t\t\t\t<div class=\"promo-controls\">\r\n\t\t\t\t\t<a href=\"https:\/\/www.theatredart.com\/index.php\/a-l-affiche\/alice-s\/\" class=\"roll-button border\">En savoir plus...<\/a>\r\n\t\t\t\t<\/div>\r\n\t\t\t<\/div>\r\n        <\/div>\r\n\t<\/div><\/div><\/div><\/div><\/div><div id=\"pg-13-4\"  class=\"panel-grid panel-has-style\" ><div style=\"padding: 40px 0; \" data-overlay=\"true\" data-overlay-color=\"#000000\" class=\"panel-row-style panel-row-style-for-13-4\" ><div id=\"pgc-13-4-0\"  class=\"panel-grid-cell\" ><div id=\"panel-13-4-0-0\" class=\"so-panel widget widget_sow-editor panel-first-child\" data-index=\"9\" ><div style=\"text-align: left;\" data-title-color=\"#443f3f\" data-headings-color=\"#443f3f\" class=\"panel-widget-style panel-widget-style-for-13-4-0-0\" ><div\n\t\t\t\n\t\t\tclass=\"so-widget-sow-editor so-widget-sow-editor-base\"\n\t\t\t\n\t\t><h3 class=\"widget-title\">A l'affiche<\/h3>\n<div class=\"siteorigin-widget-tinymce textwidget\">\n\t<\/div>\n<\/div><\/div><\/div><div id=\"panel-13-4-0-1\" class=\"so-panel widget widget_sow-image-grid panel-last-child\" data-index=\"10\" ><div style=\"text-align: left;\" data-title-color=\"#443f3f\" data-headings-color=\"#443f3f\" class=\"panel-widget-style panel-widget-style-for-13-4-0-1\" ><div\n\t\t\t\n\t\t\tclass=\"so-widget-sow-image-grid so-widget-sow-image-grid-default-0d1da0070fc5-13\"\n\t\t\t\n\t\t>\t<div\n\t\tclass=\"sow-image-grid-wrapper\"\n\t\t\t\tdata-max-height=\"300\"\t>\n\t\t\t\t\t<div class=\"sow-image-grid-image\">\n\t\t\t\t\t\t\t\t\t\t\t\t\t<a href=\"https:\/\/www.theatredart.com\/index.php\/spectacles-tout-public\/alice-s\/\"\n\t\t\t\t\t\t\t\t\t\t\t\t\t\t\t\t\t\ttarget=\"_blank\" \t\t\t\t\t\t\t\t\t\t\t\t\t\t\t\t\t\t\t\t\t\t\t\trel=\"noopener noreferrer\" \t\t\t\t\t\t\t\t\t\t\t>\n\t\t\t\t\t\t\t\t<img decoding=\"async\" width=\"230\" height=\"325\" data-src=\"https:\/\/www.theatredart.com\/wp-content\/uploads\/2024\/08\/AFFICHE-ALICES-2024-1-230x325.jpg\" class=\"sow-image-grid-image_html lazyload\" alt=\"\" title=\"Alice(S)\" data-srcset=\"https:\/\/www.theatredart.com\/wp-content\/uploads\/2024\/08\/AFFICHE-ALICES-2024-1-230x325.jpg 230w, https:\/\/www.theatredart.com\/wp-content\/uploads\/2024\/08\/AFFICHE-ALICES-2024-1-212x300.jpg 212w, https:\/\/www.theatredart.com\/wp-content\/uploads\/2024\/08\/AFFICHE-ALICES-2024-1-724x1024.jpg 724w, https:\/\/www.theatredart.com\/wp-content\/uploads\/2024\/08\/AFFICHE-ALICES-2024-1-768x1086.jpg 768w, https:\/\/www.theatredart.com\/wp-content\/uploads\/2024\/08\/AFFICHE-ALICES-2024-1-1086x1536.jpg 1086w, https:\/\/www.theatredart.com\/wp-content\/uploads\/2024\/08\/AFFICHE-ALICES-2024-1-830x1174.jpg 830w, https:\/\/www.theatredart.com\/wp-content\/uploads\/2024\/08\/AFFICHE-ALICES-2024-1-350x495.jpg 350w, https:\/\/www.theatredart.com\/wp-content\/uploads\/2024\/08\/AFFICHE-ALICES-2024-1-480x679.jpg 480w, https:\/\/www.theatredart.com\/wp-content\/uploads\/2024\/08\/AFFICHE-ALICES-2024-1.jpg 1414w\" data-sizes=\"(max-width: 230px) 100vw, 230px\" src=\"data:image\/svg+xml;base64,PHN2ZyB3aWR0aD0iMSIgaGVpZ2h0PSIxIiB4bWxucz0iaHR0cDovL3d3dy53My5vcmcvMjAwMC9zdmciPjwvc3ZnPg==\" style=\"--smush-placeholder-width: 230px; --smush-placeholder-aspect-ratio: 230\/325;\" \/>\t\t\t\t\t\t\t\t\t<\/a>\n\t\t\t\t\t\t\t\t\t\t\t<\/div>\n\t\t\t\t\t<div class=\"sow-image-grid-image\">\n\t\t\t\t\t\t\t\t\t\t\t\t\t<a href=\"https:\/\/www.theatredart.com\/index.php\/spectacles-tout-public\/madame-cloud\/\"\n\t\t\t\t\t\t\t\t\t\t\t\t\t\t\t\t\t\ttarget=\"_blank\" \t\t\t\t\t\t\t\t\t\t\t\t\t\t\t\t\t\t\t\t\t\t\t\trel=\"noopener noreferrer\" \t\t\t\t\t\t\t\t\t\t\t>\n\t\t\t\t\t\t\t\t<img decoding=\"async\" width=\"230\" height=\"345\" data-src=\"https:\/\/www.theatredart.com\/wp-content\/uploads\/2026\/01\/@10-madame-cloud-valise-230x345.png\" class=\"sow-image-grid-image_html lazyload\" alt=\"\" title=\"M@dame Cloud\" data-srcset=\"https:\/\/www.theatredart.com\/wp-content\/uploads\/2026\/01\/@10-madame-cloud-valise-230x345.png 230w, https:\/\/www.theatredart.com\/wp-content\/uploads\/2026\/01\/@10-madame-cloud-valise-200x300.png 200w, https:\/\/www.theatredart.com\/wp-content\/uploads\/2026\/01\/@10-madame-cloud-valise-683x1024.png 683w, https:\/\/www.theatredart.com\/wp-content\/uploads\/2026\/01\/@10-madame-cloud-valise-768x1152.png 768w, https:\/\/www.theatredart.com\/wp-content\/uploads\/2026\/01\/@10-madame-cloud-valise-830x1245.png 830w, https:\/\/www.theatredart.com\/wp-content\/uploads\/2026\/01\/@10-madame-cloud-valise-350x525.png 350w, https:\/\/www.theatredart.com\/wp-content\/uploads\/2026\/01\/@10-madame-cloud-valise-480x720.png 480w, https:\/\/www.theatredart.com\/wp-content\/uploads\/2026\/01\/@10-madame-cloud-valise.png 1024w\" data-sizes=\"(max-width: 230px) 100vw, 230px\" src=\"data:image\/svg+xml;base64,PHN2ZyB3aWR0aD0iMSIgaGVpZ2h0PSIxIiB4bWxucz0iaHR0cDovL3d3dy53My5vcmcvMjAwMC9zdmciPjwvc3ZnPg==\" style=\"--smush-placeholder-width: 230px; --smush-placeholder-aspect-ratio: 230\/345;\" \/>\t\t\t\t\t\t\t\t\t<\/a>\n\t\t\t\t\t\t\t\t\t\t\t<\/div>\n\t\t\t\t\t<div class=\"sow-image-grid-image\">\n\t\t\t\t\t\t\t\t\t\t\t\t\t<a href=\"https:\/\/www.theatredart.com\/index.php\/spectacles-jeune-public\/sur-la-terre-du-petit-prince\/\"\n\t\t\t\t\t\t\t\t\t\t\t\t\t\t\t\t\t\ttarget=\"_blank\" \t\t\t\t\t\t\t\t\t\t\t\t\t\t\t\t\t\t\t\t\t\t\t\trel=\"noopener noreferrer\" \t\t\t\t\t\t\t\t\t\t\t>\n\t\t\t\t\t\t\t\t<img decoding=\"async\" width=\"230\" height=\"325\" data-src=\"https:\/\/www.theatredart.com\/wp-content\/uploads\/2016\/07\/07-AFFICHE-SUR-LA-TERRE-DU-PETIT-PRINCE-230x325.jpg\" class=\"sow-image-grid-image_html lazyload\" alt=\"\" title=\"Sur la terre du Petit Prince\" data-srcset=\"https:\/\/www.theatredart.com\/wp-content\/uploads\/2016\/07\/07-AFFICHE-SUR-LA-TERRE-DU-PETIT-PRINCE-230x325.jpg 230w, https:\/\/www.theatredart.com\/wp-content\/uploads\/2016\/07\/07-AFFICHE-SUR-LA-TERRE-DU-PETIT-PRINCE-212x300.jpg 212w, https:\/\/www.theatredart.com\/wp-content\/uploads\/2016\/07\/07-AFFICHE-SUR-LA-TERRE-DU-PETIT-PRINCE-768x1086.jpg 768w, https:\/\/www.theatredart.com\/wp-content\/uploads\/2016\/07\/07-AFFICHE-SUR-LA-TERRE-DU-PETIT-PRINCE-724x1024.jpg 724w, https:\/\/www.theatredart.com\/wp-content\/uploads\/2016\/07\/07-AFFICHE-SUR-LA-TERRE-DU-PETIT-PRINCE-830x1174.jpg 830w, https:\/\/www.theatredart.com\/wp-content\/uploads\/2016\/07\/07-AFFICHE-SUR-LA-TERRE-DU-PETIT-PRINCE-350x495.jpg 350w, https:\/\/www.theatredart.com\/wp-content\/uploads\/2016\/07\/07-AFFICHE-SUR-LA-TERRE-DU-PETIT-PRINCE-480x679.jpg 480w, https:\/\/www.theatredart.com\/wp-content\/uploads\/2016\/07\/07-AFFICHE-SUR-LA-TERRE-DU-PETIT-PRINCE.jpg 835w\" data-sizes=\"(max-width: 230px) 100vw, 230px\" src=\"data:image\/svg+xml;base64,PHN2ZyB3aWR0aD0iMSIgaGVpZ2h0PSIxIiB4bWxucz0iaHR0cDovL3d3dy53My5vcmcvMjAwMC9zdmciPjwvc3ZnPg==\" style=\"--smush-placeholder-width: 230px; --smush-placeholder-aspect-ratio: 230\/325;\" \/>\t\t\t\t\t\t\t\t\t<\/a>\n\t\t\t\t\t\t\t\t\t\t\t<\/div>\n\t\t\t\t\t<div class=\"sow-image-grid-image\">\n\t\t\t\t\t\t\t\t\t\t\t\t\t<a href=\"https:\/\/www.theatredart.com\/index.php\/theatre-et-inclusion\/monchantdebataille\/\"\n\t\t\t\t\t\t\t\t\t\t\t\t\t\t\t\t\t\ttarget=\"_blank\" \t\t\t\t\t\t\t\t\t\t\t\t\t\t\t\t\t\t\t\t\t\t\t\trel=\"noopener noreferrer\" \t\t\t\t\t\t\t\t\t\t\t>\n\t\t\t\t\t\t\t\t<img decoding=\"async\" width=\"230\" height=\"357\" data-src=\"https:\/\/www.theatredart.com\/wp-content\/uploads\/2026\/02\/AFFICHE-MCDB-2026-230x357.jpg\" class=\"sow-image-grid-image_html lazyload\" alt=\"\" title=\"Mon chant de bataille\" data-srcset=\"https:\/\/www.theatredart.com\/wp-content\/uploads\/2026\/02\/AFFICHE-MCDB-2026-230x357.jpg 230w, https:\/\/www.theatredart.com\/wp-content\/uploads\/2026\/02\/AFFICHE-MCDB-2026-193x300.jpg 193w, https:\/\/www.theatredart.com\/wp-content\/uploads\/2026\/02\/AFFICHE-MCDB-2026-660x1024.jpg 660w, https:\/\/www.theatredart.com\/wp-content\/uploads\/2026\/02\/AFFICHE-MCDB-2026-768x1192.jpg 768w, https:\/\/www.theatredart.com\/wp-content\/uploads\/2026\/02\/AFFICHE-MCDB-2026-990x1536.jpg 990w, https:\/\/www.theatredart.com\/wp-content\/uploads\/2026\/02\/AFFICHE-MCDB-2026-1320x2048.jpg 1320w, https:\/\/www.theatredart.com\/wp-content\/uploads\/2026\/02\/AFFICHE-MCDB-2026-830x1288.jpg 830w, https:\/\/www.theatredart.com\/wp-content\/uploads\/2026\/02\/AFFICHE-MCDB-2026-350x543.jpg 350w, https:\/\/www.theatredart.com\/wp-content\/uploads\/2026\/02\/AFFICHE-MCDB-2026-480x745.jpg 480w, https:\/\/www.theatredart.com\/wp-content\/uploads\/2026\/02\/AFFICHE-MCDB-2026-scaled.jpg 1649w\" data-sizes=\"(max-width: 230px) 100vw, 230px\" src=\"data:image\/svg+xml;base64,PHN2ZyB3aWR0aD0iMSIgaGVpZ2h0PSIxIiB4bWxucz0iaHR0cDovL3d3dy53My5vcmcvMjAwMC9zdmciPjwvc3ZnPg==\" style=\"--smush-placeholder-width: 230px; --smush-placeholder-aspect-ratio: 230\/357;\" \/>\t\t\t\t\t\t\t\t\t<\/a>\n\t\t\t\t\t\t\t\t\t\t\t<\/div>\n\t\t\t<\/div>\n<\/div><\/div><\/div><\/div><\/div><\/div><\/div>","protected":false},"excerpt":{"rendered":"<p>Prochainement ! M@DAME CLOUD ALICE (S) Dimanche 3 mai 2026 \u00e0 18h00 Salle des f\u00eates, Saint-Andr\u00e9 Jeudi 7 mai 2026 \u00e0 19h00 Domaine de Rombeau Du 4 au 24 juillet 2026 \u00e0 11h20 \u2013 jours pairs Festival Off d\u2019Avignon &#8211; L\u2019Atelier 44 En savoir plus&#8230; Spectacle familial \u2013 Th\u00e9\u00e2tre Du 4 au 24 juillet 2026 [&hellip;]<\/p>\n","protected":false},"author":1,"featured_media":0,"parent":0,"menu_order":0,"comment_status":"closed","ping_status":"closed","template":"page-templates\/page_front-page.php","meta":{"footnotes":""},"class_list":["post-13","page","type-page","status-publish","hentry"],"aioseo_notices":[],"_links":{"self":[{"href":"https:\/\/www.theatredart.com\/index.php\/wp-json\/wp\/v2\/pages\/13","targetHints":{"allow":["GET"]}}],"collection":[{"href":"https:\/\/www.theatredart.com\/index.php\/wp-json\/wp\/v2\/pages"}],"about":[{"href":"https:\/\/www.theatredart.com\/index.php\/wp-json\/wp\/v2\/types\/page"}],"author":[{"embeddable":true,"href":"https:\/\/www.theatredart.com\/index.php\/wp-json\/wp\/v2\/users\/1"}],"replies":[{"embeddable":true,"href":"https:\/\/www.theatredart.com\/index.php\/wp-json\/wp\/v2\/comments?post=13"}],"version-history":[{"count":222,"href":"https:\/\/www.theatredart.com\/index.php\/wp-json\/wp\/v2\/pages\/13\/revisions"}],"predecessor-version":[{"id":2596,"href":"https:\/\/www.theatredart.com\/index.php\/wp-json\/wp\/v2\/pages\/13\/revisions\/2596"}],"wp:attachment":[{"href":"https:\/\/www.theatredart.com\/index.php\/wp-json\/wp\/v2\/media?parent=13"}],"curies":[{"name":"wp","href":"https:\/\/api.w.org\/{rel}","templated":true}]}}